{"id":1344,"date":"2023-01-25T18:22:45","date_gmt":"2023-01-25T17:22:45","guid":{"rendered":"https:\/\/www.lagrandeourcq.org\/site\/?page_id=1344"},"modified":"2025-05-26T02:54:41","modified_gmt":"2025-05-26T00:54:41","slug":"seances-etablis-libres","status":"publish","type":"page","link":"https:\/\/www.lagrandeourcq.org\/site\/seances-etablis-libres\/","title":{"rendered":"Ateliers Libres"},"content":{"rendered":"\n<p class=\"has-text-align-center\">Les s\u00e9ances \u201cateliers libres\u201d sont des moments d\u2019ouverture au public des ateliers, afin de <strong>permettre aux adh\u00e9rent.es de r\u00e9aliser leurs propres projets<\/strong>.<\/p>\n\n\n\n<p class=\"has-text-align-center\"><br>Ce ne sont pas des cours, le principe est collaboratif : tout le monde apprend en s\u2019entraidant, en faisant et en observant.<\/p>\n\n\n\n<p class=\"has-text-align-center\"> A chaque s\u00e9ance, des encadrant.e.s sont pr\u00e9sent.e.s pour vous conseiller et vous aider dans vos projets. <br>Vous pouvez fabriquer ce que vous voulez dans la limite de l\u2019espace et des mat\u00e9riaux disponibles.<br><br><strong>Ces s\u00e9ances sont<strong> r\u00e9serv\u00e9es aux <a href=\"https:\/\/www.helloasso.com\/associations\/la-grande-ourcq\/adhesions\/adhesion-simple-a-la-grande-ourcq-2025\" target=\"_blank\" rel=\"noreferrer noopener\">adh\u00e9rent.es de l&rsquo;association<\/a><\/strong> et n&rsquo;ont lieu que si au moins 2 personnes s&rsquo;y inscrivent.<\/strong><br><\/p>\n\n\n\n<p class=\"has-text-align-center has-text-color\" style=\"color:#f70202\"><strong><mark class=\"has-inline-color has-nv-c-1-color\">Pour nous permettre d&rsquo;organiser le planning, merci de vous inscrire au plus tard 36h avant.<\/mark><\/strong><\/p>\n\n\n\n<div class=\"wp-block-buttons is-content-justification-center is-layout-flex wp-container-core-buttons-is-layout-1 wp-block-buttons-is-layout-flex\">\n<div class=\"wp-block-button is-style-secondary\"><a class=\"wp-block-button__link has-text-align-center wp-element-button\" href=\"https:\/\/www.helloasso.com\/associations\/la-grande-ourcq\">Retrouvez nos futurs ateliers libres <strong>ici<\/strong><\/a><\/div>\n<\/div>\n\n\n\n<p class=\"has-text-align-center\"><\/p>\n\n\n\n<p><\/p>\n","protected":false},"excerpt":{"rendered":"<p>Les s\u00e9ances \u201cateliers libres\u201d sont des moments d\u2019ouverture au public des ateliers, afin de permettre aux adh\u00e9rent.es de r\u00e9aliser leurs propres projets. Ce ne sont pas des cours, le principe est collaboratif : tout le monde apprend en s\u2019entraidant, en faisant et en observant. A chaque s\u00e9ance, des encadrant.e.s sont pr\u00e9sent.e.s pour vous conseiller et&hellip;&nbsp;<a href=\"https:\/\/www.lagrandeourcq.org\/site\/seances-etablis-libres\/\" rel=\"bookmark\">Lire la suite &raquo;<span class=\"screen-reader-text\">Ateliers Libres<\/span><\/a><\/p>\n","protected":false},"author":2,"featured_media":0,"parent":0,"menu_order":0,"comment_status":"closed","ping_status":"closed","template":"","meta":{"neve_meta_sidebar":"full-width","neve_meta_container":"","neve_meta_enable_content_width":"on","neve_meta_content_width":100,"neve_meta_title_alignment":"","neve_meta_author_avatar":"","neve_post_elements_order":"","neve_meta_disable_header":"","neve_meta_disable_footer":"","neve_meta_disable_title":"","footnotes":""},"class_list":["post-1344","page","type-page","status-publish","hentry"],"_links":{"self":[{"href":"https:\/\/www.lagrandeourcq.org\/site\/wp-json\/wp\/v2\/pages\/1344","targetHints":{"allow":["GET"]}}],"collection":[{"href":"https:\/\/www.lagrandeourcq.org\/site\/wp-json\/wp\/v2\/pages"}],"about":[{"href":"https:\/\/www.lagrandeourcq.org\/site\/wp-json\/wp\/v2\/types\/page"}],"author":[{"embeddable":true,"href":"https:\/\/www.lagrandeourcq.org\/site\/wp-json\/wp\/v2\/users\/2"}],"replies":[{"embeddable":true,"href":"https:\/\/www.lagrandeourcq.org\/site\/wp-json\/wp\/v2\/comments?post=1344"}],"version-history":[{"count":16,"href":"https:\/\/www.lagrandeourcq.org\/site\/wp-json\/wp\/v2\/pages\/1344\/revisions"}],"predecessor-version":[{"id":2246,"href":"https:\/\/www.lagrandeourcq.org\/site\/wp-json\/wp\/v2\/pages\/1344\/revisions\/2246"}],"wp:attachment":[{"href":"https:\/\/www.lagrandeourcq.org\/site\/wp-json\/wp\/v2\/media?parent=1344"}],"curies":[{"name":"wp","href":"https:\/\/api.w.org\/{rel}","templated":true}]}}