{"id":1400,"date":"2023-02-02T11:22:28","date_gmt":"2023-02-02T10:22:28","guid":{"rendered":"https:\/\/www.lagrandeourcq.org\/site\/?page_id=1400"},"modified":"2026-03-17T20:20:56","modified_gmt":"2026-03-17T19:20:56","slug":"adherer-a-lassociation","status":"publish","type":"page","link":"https:\/\/www.lagrandeourcq.org\/site\/adherer-a-lassociation\/","title":{"rendered":"Adh\u00e9rer \u00e0 l&rsquo;association"},"content":{"rendered":"\n<p><\/p>\n\n\n\n<div class=\"wp-block-group is-vertical is-content-justification-center is-layout-flex wp-container-core-group-is-layout-1 wp-block-group-is-layout-flex\">\n<p class=\"has-text-align-center\">Pour \u00eatre b\u00e9n\u00e9vole et participer \u00e0 la vie de l&rsquo;association, <\/p>\n\n\n\n<p class=\"has-text-align-center\">\u00eatre tenu inform\u00e9.e de l\u2019avancement du projet, <\/p>\n\n\n\n<p class=\"has-text-align-center\">prendre part aux chantiers participatifs d\u2019am\u00e9nagement du local,&#8230;<\/p>\n\n\n\n<p class=\"has-text-align-center\">il suffit de <strong><mark class=\"has-inline-color has-nv-c-1-color\">prendre votre carte d&rsquo;adh\u00e9rant <\/mark><\/strong><strong> ci-dessous<\/strong><\/p>\n\n\n<div class=\"wp-block-image\">\n<figure class=\"aligncenter\"><img decoding=\"async\" src=\"https:\/\/fonts.gstatic.com\/s\/e\/notoemoji\/16.0\/1f447\/32.png\" alt=\"\ud83d\udc47\" \/><\/figure><\/div><\/div>\n\n\n\n<div class=\"wp-block-buttons is-content-justification-center is-layout-flex wp-container-core-buttons-is-layout-1 wp-block-buttons-is-layout-flex\">\n<div class=\"wp-block-button is-style-primary\"><a class=\"wp-block-button__link wp-element-button\" href=\"https:\/\/www.helloasso.com\/associations\/la-grande-ourcq\/adhesions\/adhesion-a-la-grande-ourcq-2026\">Adh\u00e9rer \u00e0 l&rsquo;association<\/a><\/div>\n<\/div>\n\n\n\n<p><\/p>\n","protected":false},"excerpt":{"rendered":"<p>Pour \u00eatre b\u00e9n\u00e9vole et participer \u00e0 la vie de l&rsquo;association, \u00eatre tenu inform\u00e9.e de l\u2019avancement du projet, prendre part aux chantiers participatifs d\u2019am\u00e9nagement du local,&#8230; il suffit de prendre votre carte d&rsquo;adh\u00e9rant ci-dessous<\/p>\n","protected":false},"author":4,"featured_media":0,"parent":0,"menu_order":0,"comment_status":"closed","ping_status":"closed","template":"","meta":{"neve_meta_sidebar":"full-width","neve_meta_container":"","neve_meta_enable_content_width":"on","neve_meta_content_width":100,"neve_meta_title_alignment":"","neve_meta_author_avatar":"","neve_post_elements_order":"","neve_meta_disable_header":"","neve_meta_disable_footer":"","neve_meta_disable_title":"","footnotes":""},"class_list":["post-1400","page","type-page","status-publish","hentry"],"_links":{"self":[{"href":"https:\/\/www.lagrandeourcq.org\/site\/wp-json\/wp\/v2\/pages\/1400","targetHints":{"allow":["GET"]}}],"collection":[{"href":"https:\/\/www.lagrandeourcq.org\/site\/wp-json\/wp\/v2\/pages"}],"about":[{"href":"https:\/\/www.lagrandeourcq.org\/site\/wp-json\/wp\/v2\/types\/page"}],"author":[{"embeddable":true,"href":"https:\/\/www.lagrandeourcq.org\/site\/wp-json\/wp\/v2\/users\/4"}],"replies":[{"embeddable":true,"href":"https:\/\/www.lagrandeourcq.org\/site\/wp-json\/wp\/v2\/comments?post=1400"}],"version-history":[{"count":24,"href":"https:\/\/www.lagrandeourcq.org\/site\/wp-json\/wp\/v2\/pages\/1400\/revisions"}],"predecessor-version":[{"id":2399,"href":"https:\/\/www.lagrandeourcq.org\/site\/wp-json\/wp\/v2\/pages\/1400\/revisions\/2399"}],"wp:attachment":[{"href":"https:\/\/www.lagrandeourcq.org\/site\/wp-json\/wp\/v2\/media?parent=1400"}],"curies":[{"name":"wp","href":"https:\/\/api.w.org\/{rel}","templated":true}]}}