{"id":1403,"date":"2023-02-02T11:29:37","date_gmt":"2023-02-02T10:29:37","guid":{"rendered":"https:\/\/www.lagrandeourcq.org\/site\/?page_id=1403"},"modified":"2026-03-17T20:21:08","modified_gmt":"2026-03-17T19:21:08","slug":"devenir-benevole","status":"publish","type":"page","link":"https:\/\/www.lagrandeourcq.org\/site\/devenir-benevole\/","title":{"rendered":"DEVENIR B\u00c9N\u00c9VOLE"},"content":{"rendered":"\n<p class=\"has-text-align-center has-medium-font-size\"><strong><span class=\"has-inline-color has-neve-text-color-color\">Vous souhaitez \u00eatre b\u00e9n\u00e9vole ?<\/span><\/strong><br><strong><span class=\"has-inline-color has-neve-text-color-color\"><\/span><\/strong><\/p>\n\n\n\n<div class=\"wp-block-buttons is-content-justification-center is-layout-flex wp-container-core-buttons-is-layout-1 wp-block-buttons-is-layout-flex\">\n<div class=\"wp-block-button is-style-secondary\"><a class=\"wp-block-button__link wp-element-button\" href=\"https:\/\/docs.google.com\/forms\/d\/e\/1FAIpQLSfeD9Wh_XrSZe3aBj56yQ0dUd9lj0SyQ_xCyRQGGwsepBmzZA\/viewform?usp=header\">Remplir le formulaire d&rsquo;inscription<\/a><\/div>\n<\/div>\n\n\n\n<p><br><\/p>\n\n\n\n<p class=\"has-text-align-center has-medium-font-size\">Pour la <span class=\"has-inline-color has-nv-dark-bg-color\"><a href=\"https:\/\/www.lagrandeourcq.org\/site\/ressourcerie\/\"><strong>RESSOURCERIE<\/strong><\/a> :<\/span><\/p>\n\n\n\n<div class=\"wp-block-columns is-layout-flex wp-container-core-columns-is-layout-1 wp-block-columns-is-layout-flex\">\n<div class=\"wp-block-column is-layout-flow wp-block-column-is-layout-flow\">\n<p class=\"has-text-align-center has-nv-site-bg-color has-neve-link-color-background-color has-text-color has-background\"><strong>LE MECREDI<br>collecte et tri <\/strong><\/p>\n<\/div>\n\n\n\n<div class=\"wp-block-column is-layout-flow wp-block-column-is-layout-flow\">\n<p class=\"has-text-align-center has-background\" style=\"background-color:#e3b406\"><strong>LE VENDREDI<br>mise en rayons<\/strong><\/p>\n<\/div>\n\n\n\n<div class=\"wp-block-column is-layout-flow wp-block-column-is-layout-flow\">\n<p class=\"has-text-align-center has-background\" style=\"background-color:#e74f02\"><strong>LE SAMEDI<br>boutique<\/strong><\/p>\n<\/div>\n<\/div>\n\n\n\n<p><\/p>\n\n\n\n<p class=\"has-text-align-center has-medium-font-size\">Pour la <a href=\"https:\/\/www.lagrandeourcq.org\/site\/fabricotheque-2\/\"><strong>FABRICOTHEQUE<\/strong><\/a>:<\/p>\n\n\n\n<p class=\"has-text-align-center has-background\" style=\"background-color:#e3b406\"><span class=\"has-inline-color has-neve-text-color-color\">Vous avez des comp\u00e9tences en <strong>MENUISERIE<\/strong>, en <strong>COUTURE<\/strong> ou autres ? <\/span><br><span class=\"has-inline-color has-neve-text-color-color\">Vous avez aimez partager vos connaissances ? <\/span><br><strong><span class=\"has-inline-color has-neve-text-color-color\">Venez nous rejoindre !<\/span><\/strong><\/p>\n\n\n\n<p class=\"has-text-align-center\"><br><br>Il est n\u00e9cessaire d&rsquo;adh\u00e9rer \u00e0 l&rsquo;association pour pouvoir devenir b\u00e9n\u00e9vole ! (5\u20ac pour l&rsquo;ann\u00e9e) en cliquant \ud83d\udc49 <strong><a href=\"https:\/\/www.lagrandeourcq.org\/site\/adherer-a-lassociation\/\" data-type=\"page\" data-id=\"1400\">ICI<\/a><\/strong>. <br><br><\/p>\n\n\n\n<p><\/p>\n","protected":false},"excerpt":{"rendered":"<p>Vous souhaitez \u00eatre b\u00e9n\u00e9vole ? Pour la RESSOURCERIE : LE MECREDIcollecte et tri LE VENDREDImise en rayons LE SAMEDIboutique Pour la FABRICOTHEQUE: Vous avez des comp\u00e9tences en MENUISERIE, en COUTURE ou autres ? Vous avez aimez partager vos connaissances ? Venez nous rejoindre ! Il est n\u00e9cessaire d&rsquo;adh\u00e9rer \u00e0 l&rsquo;association pour pouvoir devenir b\u00e9n\u00e9vole !&hellip;&nbsp;<a href=\"https:\/\/www.lagrandeourcq.org\/site\/devenir-benevole\/\" rel=\"bookmark\">Lire la suite &raquo;<span class=\"screen-reader-text\">DEVENIR B\u00c9N\u00c9VOLE<\/span><\/a><\/p>\n","protected":false},"author":2,"featured_media":0,"parent":0,"menu_order":0,"comment_status":"closed","ping_status":"closed","template":"","meta":{"neve_meta_sidebar":"full-width","neve_meta_container":"","neve_meta_enable_content_width":"on","neve_meta_content_width":100,"neve_meta_title_alignment":"","neve_meta_author_avatar":"","neve_post_elements_order":"","neve_meta_disable_header":"","neve_meta_disable_footer":"","neve_meta_disable_title":"","footnotes":""},"class_list":["post-1403","page","type-page","status-publish","hentry"],"_links":{"self":[{"href":"https:\/\/www.lagrandeourcq.org\/site\/wp-json\/wp\/v2\/pages\/1403","targetHints":{"allow":["GET"]}}],"collection":[{"href":"https:\/\/www.lagrandeourcq.org\/site\/wp-json\/wp\/v2\/pages"}],"about":[{"href":"https:\/\/www.lagrandeourcq.org\/site\/wp-json\/wp\/v2\/types\/page"}],"author":[{"embeddable":true,"href":"https:\/\/www.lagrandeourcq.org\/site\/wp-json\/wp\/v2\/users\/2"}],"replies":[{"embeddable":true,"href":"https:\/\/www.lagrandeourcq.org\/site\/wp-json\/wp\/v2\/comments?post=1403"}],"version-history":[{"count":24,"href":"https:\/\/www.lagrandeourcq.org\/site\/wp-json\/wp\/v2\/pages\/1403\/revisions"}],"predecessor-version":[{"id":2401,"href":"https:\/\/www.lagrandeourcq.org\/site\/wp-json\/wp\/v2\/pages\/1403\/revisions\/2401"}],"wp:attachment":[{"href":"https:\/\/www.lagrandeourcq.org\/site\/wp-json\/wp\/v2\/media?parent=1403"}],"curies":[{"name":"wp","href":"https:\/\/api.w.org\/{rel}","templated":true}]}}