{"id":24,"date":"2020-03-21T14:33:25","date_gmt":"2020-03-21T14:33:25","guid":{"rendered":"https:\/\/www.lagrandeourcq.org\/site\/?page_id=24"},"modified":"2025-01-22T12:47:12","modified_gmt":"2025-01-22T11:47:12","slug":"ressourcerie","status":"publish","type":"page","link":"https:\/\/www.lagrandeourcq.org\/site\/ressourcerie\/","title":{"rendered":"Ressourcerie"},"content":{"rendered":"\n<p>Notre ressourcerie, situ\u00e9e au 180, avenue Gaston Roussel, \u00e0 Romainville :<\/p>\n\n\n\n<figure class=\"wp-block-image size-large\"><img decoding=\"async\" src=\"https:\/\/www.lagrandeourcq.org\/e1bf2655-3660-42fe-a813-9921f3a18c55\" alt=\"\" \/><\/figure>\n\n\n\n<p><\/p>\n\n\n\n<div class=\"wp-block-columns is-layout-flex wp-container-core-columns-is-layout-1 wp-block-columns-is-layout-flex\">\n<div class=\"wp-block-column is-layout-flow wp-block-column-is-layout-flow\">\n<p class=\"has-text-align-center has-background\" style=\"background-color:#b7e2ed\"><strong>COLLECTE<\/strong><br> Des objets inutilis\u00e9s <strong>en bon \u00e9tat<\/strong>, pouvant avoir une seconde vie <strong> <br><\/strong><span style=\"text-decoration: underline\"><\/span><br><strong>LE MERCREDI : 11H-13H ET 14H-19H00<\/strong><br><strong>Pour faciliter les collectes, merci d&rsquo;apporter vos dons en sacs cabas ou cartons, r\u00e9partis par cat\u00e9gories<\/strong> :<br><br><img loading=\"lazy\" decoding=\"async\" width=\"1024\" height=\"1024\" class=\"wp-image-289\" style=\"width: 30px\" src=\"https:\/\/www.lagrandeourcq.org\/site\/wp-content\/uploads\/2020\/04\/Bright_green_checkbox-checked.svg_.png\" alt=\"\" srcset=\"https:\/\/www.lagrandeourcq.org\/site\/wp-content\/uploads\/2020\/04\/Bright_green_checkbox-checked.svg_.png 1024w, https:\/\/www.lagrandeourcq.org\/site\/wp-content\/uploads\/2020\/04\/Bright_green_checkbox-checked.svg_-300x300.png 300w, https:\/\/www.lagrandeourcq.org\/site\/wp-content\/uploads\/2020\/04\/Bright_green_checkbox-checked.svg_-150x150.png 150w, https:\/\/www.lagrandeourcq.org\/site\/wp-content\/uploads\/2020\/04\/Bright_green_checkbox-checked.svg_-768x768.png 768w\" sizes=\"auto, (max-width: 1024px) 100vw, 1024px\" \/><br><strong>Mobilier<\/strong> (pour le mobilier volumineux, merci de nous contacter <br>au pr\u00e9alable par mail \u00e0 contact[a]lagrandeourcq.org) , <br><strong>Electrom\u00e9nager\/hifi\/informatique<\/strong> <strong><span style=\"text-decoration: underline\">fonctionnels<\/span><\/strong>,<br><strong>Textile<\/strong> (v\u00eatements, linge, chaussures et sacs) <strong><span style=\"text-decoration: underline\">non trou\u00e9 ni t\u00e2ch\u00e9<\/span><\/strong><br> <strong>Vaisselle, ustensiles de cuisine<\/strong><br><strong>Jeux, jouets, articles de sport, pu\u00e9riculture,<br>Livres<\/strong> (hors scolaires et encyclop\u00e9dies)<br><strong>Cd, Dvd<\/strong> (pas de K7 audio ni vid\u00e9o)<br><br><img loading=\"lazy\" decoding=\"async\" width=\"1024\" height=\"1024\" class=\"wp-image-290\" style=\"width: 30px\" src=\"https:\/\/www.lagrandeourcq.org\/site\/wp-content\/uploads\/2020\/04\/1024px-OOjs_UI_icon_clear-destructive.svg_.png\" alt=\"\" srcset=\"https:\/\/www.lagrandeourcq.org\/site\/wp-content\/uploads\/2020\/04\/1024px-OOjs_UI_icon_clear-destructive.svg_.png 1024w, https:\/\/www.lagrandeourcq.org\/site\/wp-content\/uploads\/2020\/04\/1024px-OOjs_UI_icon_clear-destructive.svg_-300x300.png 300w, https:\/\/www.lagrandeourcq.org\/site\/wp-content\/uploads\/2020\/04\/1024px-OOjs_UI_icon_clear-destructive.svg_-150x150.png 150w, https:\/\/www.lagrandeourcq.org\/site\/wp-content\/uploads\/2020\/04\/1024px-OOjs_UI_icon_clear-destructive.svg_-768x768.png 768w\" sizes=\"auto, (max-width: 1024px) 100vw, 1024px\" \/><br>Matelas, substances polluantes ou dangereuses (m\u00e9dicaments, peintures\u2026), d\u00e9chets de construction.<br>***<span class=\"has-inline-color has-neve-text-color-color\"><br>Vous pouvez d\u00e9poser \u00e0 la d\u00e9ch\u00e8terie les objets en mauvais \u00e9tat. Le textile \u00e0 recycler peut \u00eatre d\u00e9pos\u00e9 dans les bornes Relais ou \u00e0 l&rsquo;association Am\u00e9lior<\/span><\/p>\n<\/div>\n<\/div>\n\n\n\n<p class=\"has-text-align-center has-background\" style=\"background-color:#f1c55e\"><strong>REDISTRIBUE<\/strong><br>Vente ou don de produits de 2nde main, d\u00e9tourn\u00e9s ou con\u00e7us \u00e0 partir de mat\u00e9riaux de r\u00e9cup\u00e9ration<br><br><strong>BOUTIQUE SOLIDAIRE :  LE SAMEDI DE 10H30 \u00c0 18H30<\/strong><br><br>Les invendus sont transmis \u00e0 des associations solidaires ou \u00e0 des organismes de recyclage.<\/p>\n\n\n\n<figure class=\"wp-block-gallery has-nested-images columns-default is-cropped wp-block-gallery-1 is-layout-flex wp-block-gallery-is-layout-flex\">\n<figure class=\"wp-block-image size-large\"><img loading=\"lazy\" decoding=\"async\" width=\"1024\" height=\"768\" data-id=\"895\" src=\"https:\/\/www.lagrandeourcq.org\/site\/wp-content\/uploads\/2021\/10\/129306661_2560238847610069_7829446420332251430_n-1024x768.jpg\" alt=\"\" class=\"wp-image-895\" srcset=\"https:\/\/www.lagrandeourcq.org\/site\/wp-content\/uploads\/2021\/10\/129306661_2560238847610069_7829446420332251430_n-1024x768.jpg 1024w, https:\/\/www.lagrandeourcq.org\/site\/wp-content\/uploads\/2021\/10\/129306661_2560238847610069_7829446420332251430_n-300x225.jpg 300w, https:\/\/www.lagrandeourcq.org\/site\/wp-content\/uploads\/2021\/10\/129306661_2560238847610069_7829446420332251430_n-768x576.jpg 768w, https:\/\/www.lagrandeourcq.org\/site\/wp-content\/uploads\/2021\/10\/129306661_2560238847610069_7829446420332251430_n-1536x1152.jpg 1536w, https:\/\/www.lagrandeourcq.org\/site\/wp-content\/uploads\/2021\/10\/129306661_2560238847610069_7829446420332251430_n.jpg 1632w\" sizes=\"auto, (max-width: 1024px) 100vw, 1024px\" \/><\/figure>\n\n\n\n<figure class=\"wp-block-image size-large\"><img loading=\"lazy\" decoding=\"async\" width=\"768\" height=\"1024\" data-id=\"896\" src=\"https:\/\/www.lagrandeourcq.org\/site\/wp-content\/uploads\/2021\/10\/186150009_2662440330723253_4927702803663211951_n-768x1024.jpg\" alt=\"\" class=\"wp-image-896\" srcset=\"https:\/\/www.lagrandeourcq.org\/site\/wp-content\/uploads\/2021\/10\/186150009_2662440330723253_4927702803663211951_n-768x1024.jpg 768w, https:\/\/www.lagrandeourcq.org\/site\/wp-content\/uploads\/2021\/10\/186150009_2662440330723253_4927702803663211951_n-225x300.jpg 225w, https:\/\/www.lagrandeourcq.org\/site\/wp-content\/uploads\/2021\/10\/186150009_2662440330723253_4927702803663211951_n-1152x1536.jpg 1152w, https:\/\/www.lagrandeourcq.org\/site\/wp-content\/uploads\/2021\/10\/186150009_2662440330723253_4927702803663211951_n.jpg 1224w\" sizes=\"auto, (max-width: 768px) 100vw, 768px\" \/><\/figure>\n\n\n\n<figure class=\"wp-block-image size-large\"><img loading=\"lazy\" decoding=\"async\" width=\"1024\" height=\"768\" data-id=\"897\" src=\"https:\/\/www.lagrandeourcq.org\/site\/wp-content\/uploads\/2021\/10\/242189397_2744638825836736_8672098382792191803_n-1024x768.jpg\" alt=\"\" class=\"wp-image-897\" srcset=\"https:\/\/www.lagrandeourcq.org\/site\/wp-content\/uploads\/2021\/10\/242189397_2744638825836736_8672098382792191803_n-1024x768.jpg 1024w, https:\/\/www.lagrandeourcq.org\/site\/wp-content\/uploads\/2021\/10\/242189397_2744638825836736_8672098382792191803_n-300x225.jpg 300w, https:\/\/www.lagrandeourcq.org\/site\/wp-content\/uploads\/2021\/10\/242189397_2744638825836736_8672098382792191803_n-768x576.jpg 768w, https:\/\/www.lagrandeourcq.org\/site\/wp-content\/uploads\/2021\/10\/242189397_2744638825836736_8672098382792191803_n-1536x1152.jpg 1536w, https:\/\/www.lagrandeourcq.org\/site\/wp-content\/uploads\/2021\/10\/242189397_2744638825836736_8672098382792191803_n.jpg 2000w\" sizes=\"auto, (max-width: 1024px) 100vw, 1024px\" \/><\/figure>\n\n\n\n<figure class=\"wp-block-image size-large\"><img loading=\"lazy\" decoding=\"async\" width=\"1024\" height=\"768\" data-id=\"898\" src=\"https:\/\/www.lagrandeourcq.org\/site\/wp-content\/uploads\/2021\/10\/246000925_2763558910611394_8484682685804945885_n-1024x768.jpg\" alt=\"\" class=\"wp-image-898\" srcset=\"https:\/\/www.lagrandeourcq.org\/site\/wp-content\/uploads\/2021\/10\/246000925_2763558910611394_8484682685804945885_n-1024x768.jpg 1024w, https:\/\/www.lagrandeourcq.org\/site\/wp-content\/uploads\/2021\/10\/246000925_2763558910611394_8484682685804945885_n-300x225.jpg 300w, https:\/\/www.lagrandeourcq.org\/site\/wp-content\/uploads\/2021\/10\/246000925_2763558910611394_8484682685804945885_n-768x576.jpg 768w, https:\/\/www.lagrandeourcq.org\/site\/wp-content\/uploads\/2021\/10\/246000925_2763558910611394_8484682685804945885_n-1536x1152.jpg 1536w, https:\/\/www.lagrandeourcq.org\/site\/wp-content\/uploads\/2021\/10\/246000925_2763558910611394_8484682685804945885_n.jpg 1600w\" sizes=\"auto, (max-width: 1024px) 100vw, 1024px\" \/><\/figure>\n\n\n\n<figure class=\"wp-block-image size-large\"><img loading=\"lazy\" decoding=\"async\" width=\"1024\" height=\"473\" data-id=\"899\" src=\"https:\/\/www.lagrandeourcq.org\/site\/wp-content\/uploads\/2021\/10\/248185477_2768814870085798_2149843256653324345_n-1024x473.jpg\" alt=\"\" class=\"wp-image-899\" srcset=\"https:\/\/www.lagrandeourcq.org\/site\/wp-content\/uploads\/2021\/10\/248185477_2768814870085798_2149843256653324345_n-1024x473.jpg 1024w, https:\/\/www.lagrandeourcq.org\/site\/wp-content\/uploads\/2021\/10\/248185477_2768814870085798_2149843256653324345_n-300x139.jpg 300w, https:\/\/www.lagrandeourcq.org\/site\/wp-content\/uploads\/2021\/10\/248185477_2768814870085798_2149843256653324345_n-768x355.jpg 768w, https:\/\/www.lagrandeourcq.org\/site\/wp-content\/uploads\/2021\/10\/248185477_2768814870085798_2149843256653324345_n-1536x710.jpg 1536w, https:\/\/www.lagrandeourcq.org\/site\/wp-content\/uploads\/2021\/10\/248185477_2768814870085798_2149843256653324345_n.jpg 1734w\" sizes=\"auto, (max-width: 1024px) 100vw, 1024px\" \/><\/figure>\n\n\n\n<figure class=\"wp-block-image size-large\"><img loading=\"lazy\" decoding=\"async\" width=\"543\" height=\"1024\" data-id=\"900\" src=\"https:\/\/www.lagrandeourcq.org\/site\/wp-content\/uploads\/2021\/10\/248093550_2768689366765015_5615983053996182318_n-543x1024.jpg\" alt=\"\" class=\"wp-image-900\" srcset=\"https:\/\/www.lagrandeourcq.org\/site\/wp-content\/uploads\/2021\/10\/248093550_2768689366765015_5615983053996182318_n-543x1024.jpg 543w, https:\/\/www.lagrandeourcq.org\/site\/wp-content\/uploads\/2021\/10\/248093550_2768689366765015_5615983053996182318_n-159x300.jpg 159w, https:\/\/www.lagrandeourcq.org\/site\/wp-content\/uploads\/2021\/10\/248093550_2768689366765015_5615983053996182318_n-768x1450.jpg 768w, https:\/\/www.lagrandeourcq.org\/site\/wp-content\/uploads\/2021\/10\/248093550_2768689366765015_5615983053996182318_n-814x1536.jpg 814w, https:\/\/www.lagrandeourcq.org\/site\/wp-content\/uploads\/2021\/10\/248093550_2768689366765015_5615983053996182318_n.jpg 1085w\" sizes=\"auto, (max-width: 543px) 100vw, 543px\" \/><\/figure>\n\n\n\n<figure class=\"wp-block-image size-large\"><img loading=\"lazy\" decoding=\"async\" width=\"472\" height=\"1024\" data-id=\"901\" src=\"https:\/\/www.lagrandeourcq.org\/site\/wp-content\/uploads\/2021\/10\/248176166_2768812033419415_5479023954677580259_n-472x1024.jpg\" alt=\"\" class=\"wp-image-901\" srcset=\"https:\/\/www.lagrandeourcq.org\/site\/wp-content\/uploads\/2021\/10\/248176166_2768812033419415_5479023954677580259_n-472x1024.jpg 472w, https:\/\/www.lagrandeourcq.org\/site\/wp-content\/uploads\/2021\/10\/248176166_2768812033419415_5479023954677580259_n-138x300.jpg 138w, https:\/\/www.lagrandeourcq.org\/site\/wp-content\/uploads\/2021\/10\/248176166_2768812033419415_5479023954677580259_n-768x1665.jpg 768w, https:\/\/www.lagrandeourcq.org\/site\/wp-content\/uploads\/2021\/10\/248176166_2768812033419415_5479023954677580259_n-709x1536.jpg 709w, https:\/\/www.lagrandeourcq.org\/site\/wp-content\/uploads\/2021\/10\/248176166_2768812033419415_5479023954677580259_n.jpg 800w\" sizes=\"auto, (max-width: 472px) 100vw, 472px\" \/><\/figure>\n\n\n\n<figure class=\"wp-block-image size-large\"><img loading=\"lazy\" decoding=\"async\" width=\"472\" height=\"1024\" data-id=\"902\" src=\"https:\/\/www.lagrandeourcq.org\/site\/wp-content\/uploads\/2021\/10\/248766430_2768811836752768_50705422788208495_n-472x1024.jpg\" alt=\"\" class=\"wp-image-902\" srcset=\"https:\/\/www.lagrandeourcq.org\/site\/wp-content\/uploads\/2021\/10\/248766430_2768811836752768_50705422788208495_n-472x1024.jpg 472w, https:\/\/www.lagrandeourcq.org\/site\/wp-content\/uploads\/2021\/10\/248766430_2768811836752768_50705422788208495_n-138x300.jpg 138w, https:\/\/www.lagrandeourcq.org\/site\/wp-content\/uploads\/2021\/10\/248766430_2768811836752768_50705422788208495_n-768x1665.jpg 768w, https:\/\/www.lagrandeourcq.org\/site\/wp-content\/uploads\/2021\/10\/248766430_2768811836752768_50705422788208495_n-709x1536.jpg 709w, https:\/\/www.lagrandeourcq.org\/site\/wp-content\/uploads\/2021\/10\/248766430_2768811836752768_50705422788208495_n.jpg 800w\" sizes=\"auto, (max-width: 472px) 100vw, 472px\" \/><\/figure>\n\n\n\n<figure class=\"wp-block-image size-large\"><img loading=\"lazy\" decoding=\"async\" width=\"472\" height=\"1024\" data-id=\"903\" src=\"https:\/\/www.lagrandeourcq.org\/site\/wp-content\/uploads\/2021\/10\/248232550_2768811546752797_9126165388049118944_n-472x1024.jpg\" alt=\"\" class=\"wp-image-903\" srcset=\"https:\/\/www.lagrandeourcq.org\/site\/wp-content\/uploads\/2021\/10\/248232550_2768811546752797_9126165388049118944_n-472x1024.jpg 472w, https:\/\/www.lagrandeourcq.org\/site\/wp-content\/uploads\/2021\/10\/248232550_2768811546752797_9126165388049118944_n-138x300.jpg 138w, https:\/\/www.lagrandeourcq.org\/site\/wp-content\/uploads\/2021\/10\/248232550_2768811546752797_9126165388049118944_n-768x1665.jpg 768w, https:\/\/www.lagrandeourcq.org\/site\/wp-content\/uploads\/2021\/10\/248232550_2768811546752797_9126165388049118944_n-709x1536.jpg 709w, https:\/\/www.lagrandeourcq.org\/site\/wp-content\/uploads\/2021\/10\/248232550_2768811546752797_9126165388049118944_n.jpg 800w\" sizes=\"auto, (max-width: 472px) 100vw, 472px\" \/><\/figure>\n\n\n\n<figure class=\"wp-block-image size-large\"><img loading=\"lazy\" decoding=\"async\" width=\"472\" height=\"1024\" data-id=\"904\" src=\"https:\/\/www.lagrandeourcq.org\/site\/wp-content\/uploads\/2021\/10\/248589549_2768814006752551_2512161763439822787_n-472x1024.jpg\" alt=\"\" class=\"wp-image-904\" srcset=\"https:\/\/www.lagrandeourcq.org\/site\/wp-content\/uploads\/2021\/10\/248589549_2768814006752551_2512161763439822787_n-472x1024.jpg 472w, https:\/\/www.lagrandeourcq.org\/site\/wp-content\/uploads\/2021\/10\/248589549_2768814006752551_2512161763439822787_n-138x300.jpg 138w, https:\/\/www.lagrandeourcq.org\/site\/wp-content\/uploads\/2021\/10\/248589549_2768814006752551_2512161763439822787_n-768x1665.jpg 768w, https:\/\/www.lagrandeourcq.org\/site\/wp-content\/uploads\/2021\/10\/248589549_2768814006752551_2512161763439822787_n-709x1536.jpg 709w, https:\/\/www.lagrandeourcq.org\/site\/wp-content\/uploads\/2021\/10\/248589549_2768814006752551_2512161763439822787_n.jpg 800w\" sizes=\"auto, (max-width: 472px) 100vw, 472px\" \/><\/figure>\n\n\n\n<figure class=\"wp-block-image size-large\"><img loading=\"lazy\" decoding=\"async\" width=\"472\" height=\"1024\" data-id=\"905\" src=\"https:\/\/www.lagrandeourcq.org\/site\/wp-content\/uploads\/2021\/10\/248185511_2768814306752521_83461972672746063_n-472x1024.jpg\" alt=\"\" class=\"wp-image-905\" srcset=\"https:\/\/www.lagrandeourcq.org\/site\/wp-content\/uploads\/2021\/10\/248185511_2768814306752521_83461972672746063_n-472x1024.jpg 472w, https:\/\/www.lagrandeourcq.org\/site\/wp-content\/uploads\/2021\/10\/248185511_2768814306752521_83461972672746063_n-138x300.jpg 138w, https:\/\/www.lagrandeourcq.org\/site\/wp-content\/uploads\/2021\/10\/248185511_2768814306752521_83461972672746063_n-768x1665.jpg 768w, https:\/\/www.lagrandeourcq.org\/site\/wp-content\/uploads\/2021\/10\/248185511_2768814306752521_83461972672746063_n-709x1536.jpg 709w, https:\/\/www.lagrandeourcq.org\/site\/wp-content\/uploads\/2021\/10\/248185511_2768814306752521_83461972672746063_n.jpg 800w\" sizes=\"auto, (max-width: 472px) 100vw, 472px\" \/><\/figure>\n\n\n\n<figure class=\"wp-block-image size-large\"><img loading=\"lazy\" decoding=\"async\" width=\"1024\" height=\"473\" data-id=\"906\" src=\"https:\/\/www.lagrandeourcq.org\/site\/wp-content\/uploads\/2021\/10\/248186486_2768814603419158_8696905652644345092_n-1024x473.jpg\" alt=\"\" class=\"wp-image-906\" srcset=\"https:\/\/www.lagrandeourcq.org\/site\/wp-content\/uploads\/2021\/10\/248186486_2768814603419158_8696905652644345092_n-1024x473.jpg 1024w, https:\/\/www.lagrandeourcq.org\/site\/wp-content\/uploads\/2021\/10\/248186486_2768814603419158_8696905652644345092_n-300x139.jpg 300w, https:\/\/www.lagrandeourcq.org\/site\/wp-content\/uploads\/2021\/10\/248186486_2768814603419158_8696905652644345092_n-768x355.jpg 768w, https:\/\/www.lagrandeourcq.org\/site\/wp-content\/uploads\/2021\/10\/248186486_2768814603419158_8696905652644345092_n-1536x710.jpg 1536w, https:\/\/www.lagrandeourcq.org\/site\/wp-content\/uploads\/2021\/10\/248186486_2768814603419158_8696905652644345092_n.jpg 1734w\" sizes=\"auto, (max-width: 1024px) 100vw, 1024px\" \/><\/figure>\n<\/figure>\n\n\n\n<div class=\"wp-block-columns is-layout-flex wp-container-core-columns-is-layout-2 wp-block-columns-is-layout-flex\">\n<div class=\"wp-block-column is-layout-flow wp-block-column-is-layout-flow\">\n<p class=\"has-text-align-center has-background\" style=\"background-color:#f1c55e\"><strong>VALORISE<\/strong><br>Tout objet r\u00e9employable ou r\u00e9utilisable : d&rsquo;un simple nettoyage \u00e0 une transformation en profondeur, selon les objets<\/p>\n<\/div>\n\n\n\n<div class=\"wp-block-column is-layout-flow wp-block-column-is-layout-flow\">\n<p class=\"has-text-align-center has-background\" style=\"background-color:#b7e2ed\"><strong>SENSIBILISE<\/strong><br> aux enjeux environnementaux<br>li\u00e9s \u00e0 la gestion des d\u00e9chets<\/p>\n<\/div>\n<\/div>\n","protected":false},"excerpt":{"rendered":"<p>Notre ressourcerie, situ\u00e9e au 180, avenue Gaston Roussel, \u00e0 Romainville : COLLECTE Des objets inutilis\u00e9s en bon \u00e9tat, pouvant avoir une seconde vie LE MERCREDI : 11H-13H ET 14H-19H00Pour faciliter les collectes, merci d&rsquo;apporter vos dons en sacs cabas ou cartons, r\u00e9partis par cat\u00e9gories : Mobilier (pour le mobilier volumineux, merci de nous contacter au&hellip;&nbsp;<a href=\"https:\/\/www.lagrandeourcq.org\/site\/ressourcerie\/\" rel=\"bookmark\">Lire la suite &raquo;<span class=\"screen-reader-text\">Ressourcerie<\/span><\/a><\/p>\n","protected":false},"author":4,"featured_media":0,"parent":0,"menu_order":0,"comment_status":"closed","ping_status":"closed","template":"","meta":{"neve_meta_sidebar":"","neve_meta_container":"","neve_meta_enable_content_width":"off","neve_meta_content_width":0,"neve_meta_title_alignment":"","neve_meta_author_avatar":"","neve_post_elements_order":"","neve_meta_disable_header":"","neve_meta_disable_footer":"","neve_meta_disable_title":"","footnotes":""},"class_list":["post-24","page","type-page","status-publish","hentry"],"_links":{"self":[{"href":"https:\/\/www.lagrandeourcq.org\/site\/wp-json\/wp\/v2\/pages\/24","targetHints":{"allow":["GET"]}}],"collection":[{"href":"https:\/\/www.lagrandeourcq.org\/site\/wp-json\/wp\/v2\/pages"}],"about":[{"href":"https:\/\/www.lagrandeourcq.org\/site\/wp-json\/wp\/v2\/types\/page"}],"author":[{"embeddable":true,"href":"https:\/\/www.lagrandeourcq.org\/site\/wp-json\/wp\/v2\/users\/4"}],"replies":[{"embeddable":true,"href":"https:\/\/www.lagrandeourcq.org\/site\/wp-json\/wp\/v2\/comments?post=24"}],"version-history":[{"count":57,"href":"https:\/\/www.lagrandeourcq.org\/site\/wp-json\/wp\/v2\/pages\/24\/revisions"}],"predecessor-version":[{"id":1968,"href":"https:\/\/www.lagrandeourcq.org\/site\/wp-json\/wp\/v2\/pages\/24\/revisions\/1968"}],"wp:attachment":[{"href":"https:\/\/www.lagrandeourcq.org\/site\/wp-json\/wp\/v2\/media?parent=24"}],"curies":[{"name":"wp","href":"https:\/\/api.w.org\/{rel}","templated":true}]}}