{"id":25,"date":"2020-03-21T14:33:26","date_gmt":"2020-03-21T14:33:26","guid":{"rendered":"https:\/\/www.lagrandeourcq.org\/site\/?page_id=25"},"modified":"2025-05-31T15:04:37","modified_gmt":"2025-05-31T13:04:37","slug":"fabricotheque","status":"publish","type":"page","link":"https:\/\/www.lagrandeourcq.org\/site\/fabricotheque\/","title":{"rendered":"Fabricoth\u00e8que"},"content":{"rendered":"\n<h2 class=\"wp-block-heading has-text-align-center\"><mark class=\"has-inline-color has-neve-link-hover-color-color\"><strong>L&rsquo;atelier 100% r\u00e9emploi<\/strong>, pour <strong>r\u00e9parer<\/strong> ou <strong>fabriquer <\/strong>\u00e0 partir de <strong>mat\u00e9riaux de r\u00e9cup&rsquo;<\/strong>, en bois ou en tissu !<\/mark><\/h2>\n\n\n\n<p class=\"has-text-align-center\">La <strong>FABRICOTH\u00c8QUE<\/strong> se compose de deux ateliers:<br>\u25cf Un atelier <strong>couture<\/strong><br> \u25cf Un atelier <strong>menuiserie<\/strong> <br>ils sont accessibles <strong><a href=\"https:\/\/www.lagrandeourcq.org\/site\/adherer-a-lassociation\/\" data-type=\"page\" data-id=\"1400\">sur adh\u00e9sion<\/a><\/strong> \u00e0 l&rsquo;association<\/p>\n\n\n\n<div style=\"height:64px\" aria-hidden=\"true\" class=\"wp-block-spacer\"><\/div>\n\n\n\n<h3 class=\"wp-block-heading has-text-align-center\"><mark class=\"has-inline-color has-nv-c-1-color\">2 formats<\/mark><\/h3>\n\n\n\n<div class=\"wp-block-buttons alignwide is-content-justification-center is-layout-flex wp-container-core-buttons-is-layout-1 wp-block-buttons-is-layout-flex\">\n<div class=\"wp-block-button is-style-primary\"><a class=\"wp-block-button__link wp-element-button\" href=\"https:\/\/www.lagrandeourcq.org\/site\/seances-etablis-libres\/\"><strong>\u00c9tabli libre<\/strong><\/a><\/div>\n\n\n\n<div class=\"wp-block-button is-style-primary\"><a class=\"wp-block-button__link wp-element-button\" href=\"https:\/\/www.lagrandeourcq.org\/site\/ateliers-thematiques\/\"><strong>&nbsp;Ateliers th\u00e9matiques<\/strong><\/a><\/div>\n<\/div>\n\n\n\n<div style=\"height:64px\" aria-hidden=\"true\" class=\"wp-block-spacer\"><\/div>\n\n\n\n<div class=\"wp-block-file aligncenter\"><a href=\"https:\/\/www.lagrandeourcq.org\/site\/wp-content\/uploads\/2023\/02\/Reglement-interieur-Fabricotheque.pdf\" class=\"wp-block-file__button wp-element-button\" download><strong><mark class=\"has-inline-color has-nv-text-dark-bg-color\">T\u00e9l\u00e9charger le R\u00e8glement int\u00e9rieur de la Fabricoth\u00e8que<\/mark><\/strong><\/a><\/div>\n\n\n\n<p><\/p>\n","protected":false},"excerpt":{"rendered":"<p>L&rsquo;atelier 100% r\u00e9emploi, pour r\u00e9parer ou fabriquer \u00e0 partir de mat\u00e9riaux de r\u00e9cup&rsquo;, en bois ou en tissu ! La FABRICOTH\u00c8QUE se compose de deux ateliers:\u25cf Un atelier couture \u25cf Un atelier menuiserie ils sont accessibles sur adh\u00e9sion \u00e0 l&rsquo;association 2 formats<\/p>\n","protected":false},"author":2,"featured_media":0,"parent":0,"menu_order":0,"comment_status":"closed","ping_status":"closed","template":"","meta":{"neve_meta_sidebar":"","neve_meta_container":"","neve_meta_enable_content_width":"off","neve_meta_content_width":0,"neve_meta_title_alignment":"","neve_meta_author_avatar":"","neve_post_elements_order":"","neve_meta_disable_header":"","neve_meta_disable_footer":"","neve_meta_disable_title":"","footnotes":""},"class_list":["post-25","page","type-page","status-publish","hentry"],"_links":{"self":[{"href":"https:\/\/www.lagrandeourcq.org\/site\/wp-json\/wp\/v2\/pages\/25","targetHints":{"allow":["GET"]}}],"collection":[{"href":"https:\/\/www.lagrandeourcq.org\/site\/wp-json\/wp\/v2\/pages"}],"about":[{"href":"https:\/\/www.lagrandeourcq.org\/site\/wp-json\/wp\/v2\/types\/page"}],"author":[{"embeddable":true,"href":"https:\/\/www.lagrandeourcq.org\/site\/wp-json\/wp\/v2\/users\/2"}],"replies":[{"embeddable":true,"href":"https:\/\/www.lagrandeourcq.org\/site\/wp-json\/wp\/v2\/comments?post=25"}],"version-history":[{"count":193,"href":"https:\/\/www.lagrandeourcq.org\/site\/wp-json\/wp\/v2\/pages\/25\/revisions"}],"predecessor-version":[{"id":2264,"href":"https:\/\/www.lagrandeourcq.org\/site\/wp-json\/wp\/v2\/pages\/25\/revisions\/2264"}],"wp:attachment":[{"href":"https:\/\/www.lagrandeourcq.org\/site\/wp-json\/wp\/v2\/media?parent=25"}],"curies":[{"name":"wp","href":"https:\/\/api.w.org\/{rel}","templated":true}]}}